{"id":728,"date":"2024-06-17T06:31:27","date_gmt":"2024-06-17T06:31:27","guid":{"rendered":"https:\/\/sixbau.hu\/shop\/?page_id=728"},"modified":"2024-06-17T13:41:42","modified_gmt":"2024-06-17T13:41:42","slug":"uj-otthonfelujitasi-tamogatas-2024-minden-amit-tudni-erdemes","status":"publish","type":"page","link":"https:\/\/sixbau.hu\/shop\/uj-otthonfelujitasi-tamogatas-2024-minden-amit-tudni-erdemes\/","title":{"rendered":"\u00daj otthonfel\u00faj\u00edt\u00e1si t\u00e1mogat\u00e1s 2024: Minden, amit tudni \u00e9rdemes"},"content":{"rendered":"<div class=\"wp-block-buttons is-layout-flex wp-block-buttons-is-layout-flex\"><div class=\"wp-block-button\"><a class=\"wp-block-button__link wp-element-button\" href=\"https:\/\/sixbau.hu\/kapcsolat\" target=\"_blank\" rel=\"noreferrer noopener\">\u00c1raj\u00e1nlatot k\u00e9rek<\/a><\/div><\/div><p><strong>Az otthonfel\u00faj\u00edt\u00e1si t\u00e1mogat\u00e1sok mindig is n\u00e9pszer\u0171 t\u00e9m\u00e1t jelentettek a lak\u00e1stulajdonosok k\u00f6r\u00e9ben, \u00e9s a 2024-es \u00e9v \u00faj lehet\u0151s\u00e9geket hozott a csal\u00e1di h\u00e1zak tulajdonosai sz\u00e1m\u00e1ra. A korm\u00e1ny bejelentette, hogy az 1990 el\u0151tt \u00e9p\u00fclt ingatlanok tulajdonosai p\u00e1ly\u00e1zhatnak a leg\u00fajabb t\u00e1mogat\u00e1si programra, melynek keret\u00f6sszege 108 milli\u00e1rd forint.&nbsp;<\/strong>&nbsp;<\/p><div class=\"wp-block-image\"><figure class=\"aligncenter size-large\"><img loading=\"lazy\" decoding=\"async\" width=\"1024\" height=\"336\" src=\"https:\/\/sixbau.hu\/shop\/wp-content\/uploads\/2024\/06\/Sixbau_Felujitasi_tamogatas_cikkep-1024x336.jpg\" alt=\"\" class=\"wp-image-729\" srcset=\"https:\/\/sixbau.hu\/shop\/wp-content\/uploads\/2024\/06\/Sixbau_Felujitasi_tamogatas_cikkep-1024x336.jpg 1024w, https:\/\/sixbau.hu\/shop\/wp-content\/uploads\/2024\/06\/Sixbau_Felujitasi_tamogatas_cikkep-300x99.jpg 300w, https:\/\/sixbau.hu\/shop\/wp-content\/uploads\/2024\/06\/Sixbau_Felujitasi_tamogatas_cikkep-768x252.jpg 768w, https:\/\/sixbau.hu\/shop\/wp-content\/uploads\/2024\/06\/Sixbau_Felujitasi_tamogatas_cikkep-416x137.jpg 416w, https:\/\/sixbau.hu\/shop\/wp-content\/uploads\/2024\/06\/Sixbau_Felujitasi_tamogatas_cikkep.jpg 1394w\" sizes=\"auto, (max-width: 1024px) 100vw, 1024px\" \/><\/figure><\/div><p><strong>A t\u00e1mogat\u00e1s r\u00e9szletei&nbsp;<\/strong>&nbsp;<\/p><ul class=\"wp-block-list\"><li><strong>\u00d6sszeg: Ak\u00e1r 6 milli\u00f3 forint t\u00e1mogat\u00e1s, melynek egy r\u00e9sze (maximum 3,8 milli\u00f3 forint) vissza nem t\u00e9r\u00edtend\u0151, m\u00edg a m\u00e1sik r\u00e9sze kamatmentes k\u00f6lcs\u00f6n.&nbsp;<\/strong>&nbsp;<\/li>\n\n<li><strong>C\u00e9l: Az ingatlanok energetikai korszer\u0171s\u00edt\u00e9se, legal\u00e1bb 30%-os energetikai megtakar\u00edt\u00e1s el\u00e9r\u00e9se.<\/strong><\/li>\n\n<li><strong>Felt\u00e9telek: A t\u00e1mogat\u00e1sra 1990. december 31. el\u0151tt \u00e9p\u00fclt csal\u00e1di h\u00e1zak eset\u00e9ben lehet p\u00e1ly\u00e1zni, \u00e9s az ig\u00e9nyl\u0151nek 2024. m\u00e1jus 1-je \u00f3ta \u00e9letvitelszer\u0171en ott kell laknia.&nbsp;<\/strong>&nbsp;<\/li><\/ul><div class=\"wp-block-image\"><figure class=\"aligncenter size-full\"><img loading=\"lazy\" decoding=\"async\" width=\"1024\" height=\"550\" src=\"https:\/\/sixbau.hu\/shop\/wp-content\/uploads\/2024\/06\/fontos-tudnivalok-otthonfelujitasi-program.png\" alt=\"\" class=\"wp-image-747\" srcset=\"https:\/\/sixbau.hu\/shop\/wp-content\/uploads\/2024\/06\/fontos-tudnivalok-otthonfelujitasi-program.png 1024w, https:\/\/sixbau.hu\/shop\/wp-content\/uploads\/2024\/06\/fontos-tudnivalok-otthonfelujitasi-program-300x161.png 300w, https:\/\/sixbau.hu\/shop\/wp-content\/uploads\/2024\/06\/fontos-tudnivalok-otthonfelujitasi-program-768x413.png 768w, https:\/\/sixbau.hu\/shop\/wp-content\/uploads\/2024\/06\/fontos-tudnivalok-otthonfelujitasi-program-416x223.png 416w\" sizes=\"auto, (max-width: 1024px) 100vw, 1024px\" \/><\/figure><\/div><p><strong>V\u00e1rhat\u00f3an milyen dokumentumok lesznek sz\u00fcks\u00e9gesek az otthonfel\u00faj\u00edt\u00e1si t\u00e1mogat\u00e1s ig\u00e9nyl\u00e9s\u00e9hez?<\/strong>&nbsp;<\/p><ul class=\"wp-block-list\"><li><strong>Munk\u00e1ltat\u00f3i j\u00f6vedelemigazol\u00e1s&nbsp;<\/strong><\/li>\n\n<li><strong>Ingatlan tulajdoni lapja<\/strong><\/li>\n\n<li><strong>\u00c9rv\u00e9nyes szem\u00e9lyi igazolv\u00e1ny, lakc\u00edmk\u00e1rtya<\/strong><\/li>\n\n<li><strong>Nemleges igazol\u00e1s ad\u00f3tartoz\u00e1sr\u00f3l (A tervezet alapj\u00e1n nem lehet a brutt\u00f3 minim\u00e1lb\u00e9rt meghalad\u00f3 k\u00f6ztartoz\u00e1sa az ig\u00e9nyl\u0151nek).&nbsp;<\/strong>&nbsp;<\/li>\n\n<li><strong>T\u00f6bb tulajdonos, vagy haszon\u00e9lvez\u0151i ig\u00e9nyl\u00e9s eset\u00e9n tulajdonosi hozz\u00e1j\u00e1rul\u00e1s(ok).&nbsp;<\/strong>&nbsp;<\/li><\/ul><p><strong>Aj\u00e1nlott mihamarabb felvenni a kapcsolatot egy energetikai tan\u00e1csad\u00f3val, aki szak\u00e9rtelm\u00e9vel hozz\u00e1j\u00e1rulhat otthonunk energetikai fel\u00faj\u00edt\u00e1s\u00e1nak tervez\u00e9s\u00e9hez. \u0150 k\u00e9pes lesz felbecs\u00fclni, milyen fel\u00faj\u00edt\u00e1si munk\u00e1latokra van sz\u00fcks\u00e9g, ezek k\u00f6lts\u00e9geit \u00e9s az \u00e1ltaluk el\u00e9rhet\u0151 energia-megtakar\u00edt\u00e1st. A t\u00e1mogat\u00e1si p\u00e1ly\u00e1zat hivatalos ki\u00edr\u00e1sakor k\u00f6zz\u00e9t\u00e9telre ker\u00fcl egy szakemberek list\u00e1ja is, amely seg\u00edts\u00e9get ny\u00fajthat a megfelel\u0151 szak\u00e9rt\u0151 kiv\u00e1laszt\u00e1s\u00e1ban. Fontos megjegyezni, hogy jelen \u00e1ll\u00e1s szerint csak olyan szakemberekhez fordulhatunk, akik szerepelnek rajta.&nbsp;<\/strong>&nbsp;<\/p><div class=\"wp-block-image\"><figure class=\"aligncenter size-large\"><a href=\"https:\/\/sixbau.hu\/shop\/termekkategoria\/polisztirol-beton-daralek\/\"><img loading=\"lazy\" decoding=\"async\" width=\"1024\" height=\"536\" src=\"https:\/\/sixbau.hu\/shop\/wp-content\/uploads\/2024\/06\/thumbnail_Sixbau_Remix_google_hirdetes_1200x128px-1024x536.jpg\" alt=\"\" class=\"wp-image-733\" srcset=\"https:\/\/sixbau.hu\/shop\/wp-content\/uploads\/2024\/06\/thumbnail_Sixbau_Remix_google_hirdetes_1200x128px-1024x536.jpg 1024w, https:\/\/sixbau.hu\/shop\/wp-content\/uploads\/2024\/06\/thumbnail_Sixbau_Remix_google_hirdetes_1200x128px-300x157.jpg 300w, https:\/\/sixbau.hu\/shop\/wp-content\/uploads\/2024\/06\/thumbnail_Sixbau_Remix_google_hirdetes_1200x128px-768x402.jpg 768w, https:\/\/sixbau.hu\/shop\/wp-content\/uploads\/2024\/06\/thumbnail_Sixbau_Remix_google_hirdetes_1200x128px-416x218.jpg 416w, https:\/\/sixbau.hu\/shop\/wp-content\/uploads\/2024\/06\/thumbnail_Sixbau_Remix_google_hirdetes_1200x128px.jpg 1200w\" sizes=\"auto, (max-width: 1024px) 100vw, 1024px\" \/><\/a><\/figure><\/div><p><strong>Hogyan p\u00e1ly\u00e1zhatsz?&nbsp;<\/strong>&nbsp;<\/p><p><strong>A p\u00e1ly\u00e1zat beny\u00fajt\u00e1s\u00e1nak pontos menet\u00e9r\u0151l \u00e9s a sz\u00fcks\u00e9ges dokumentumokr\u00f3l a hivatalos t\u00e1j\u00e9koztat\u00f3k adnak r\u00e9szletes inform\u00e1ci\u00f3t. Fontos, hogy a p\u00e1ly\u00e1z\u00f3 rendelkezzen magyar ad\u00f3azonos\u00edt\u00f3 jellel, \u00e9s az ingatlanban legal\u00e1bb 2024. m\u00e1jus 1-je \u00f3ta lak\u00f3hellyel vagy tart\u00f3zkod\u00e1si hellyel rendelkezzen.&nbsp;<\/strong>&nbsp;<\/p><div class=\"wp-block-image\"><figure class=\"aligncenter size-full\"><img loading=\"lazy\" decoding=\"async\" width=\"1024\" height=\"768\" src=\"https:\/\/sixbau.hu\/shop\/wp-content\/uploads\/2024\/06\/otthonfelujitasi-tamogatas-menete-1.webp\" alt=\"\" class=\"wp-image-734\" srcset=\"https:\/\/sixbau.hu\/shop\/wp-content\/uploads\/2024\/06\/otthonfelujitasi-tamogatas-menete-1.webp 1024w, https:\/\/sixbau.hu\/shop\/wp-content\/uploads\/2024\/06\/otthonfelujitasi-tamogatas-menete-1-300x225.webp 300w, https:\/\/sixbau.hu\/shop\/wp-content\/uploads\/2024\/06\/otthonfelujitasi-tamogatas-menete-1-768x576.webp 768w, https:\/\/sixbau.hu\/shop\/wp-content\/uploads\/2024\/06\/otthonfelujitasi-tamogatas-menete-1-416x312.webp 416w\" sizes=\"auto, (max-width: 1024px) 100vw, 1024px\" \/><figcaption class=\"wp-element-caption\">Forr\u00e1s: <a href=\"https:\/\/otthonfelujitasi-tamogatas.hu\/reszletek-a-tamogatas-kapcsan\/\">https:\/\/otthonfelujitasi-tamogatas.hu\/reszletek-a-tamogatas-kapcsan\/<\/a><\/figcaption><\/figure><\/div><p><strong>&nbsp;Miben seg\u00edthet a SIXBAU?&nbsp;<\/strong>&nbsp;<\/p><p><strong>Az \u00faj otthonfel\u00faj\u00edt\u00e1si program keret\u00e9ben n\u00f6velheted h\u00e1zad energetikai besorol\u00e1s\u00e1t a f\u00f6d\u00e9m-, tet\u0151szerkezet- \u00e9s aljzatszigetel\u00e9ssel.&nbsp;<\/strong>&nbsp;<\/p><div class=\"wp-block-image\"><figure class=\"aligncenter size-full\"><img loading=\"lazy\" decoding=\"async\" width=\"1024\" height=\"550\" src=\"https:\/\/sixbau.hu\/shop\/wp-content\/uploads\/2024\/06\/otthonfelujitasi-program-energetikai-megtakaritas.png\" alt=\"\" class=\"wp-image-748\" srcset=\"https:\/\/sixbau.hu\/shop\/wp-content\/uploads\/2024\/06\/otthonfelujitasi-program-energetikai-megtakaritas.png 1024w, https:\/\/sixbau.hu\/shop\/wp-content\/uploads\/2024\/06\/otthonfelujitasi-program-energetikai-megtakaritas-300x161.png 300w, https:\/\/sixbau.hu\/shop\/wp-content\/uploads\/2024\/06\/otthonfelujitasi-program-energetikai-megtakaritas-768x413.png 768w, https:\/\/sixbau.hu\/shop\/wp-content\/uploads\/2024\/06\/otthonfelujitasi-program-energetikai-megtakaritas-416x223.png 416w\" sizes=\"auto, (max-width: 1024px) 100vw, 1024px\" \/><\/figure><\/div><p><strong>Ehhez t\u00f6k\u00e9letes v\u00e1laszt\u00e1s a SIXBAU Remix betondar\u00e1l\u00e9k.&nbsp;<\/strong>&nbsp;<\/p><p><strong>A k\u00edv\u00e1nt energetikai hat\u00e9konys\u00e1g el\u0151r\u00e9se \u00e9rdek\u00e9ben, a megfelel\u0151 szigetel\u00e9s el\u0151\u00e1ll\u00edt\u00e1s\u00e1hoz, a k\u00f6vetkez\u0151 alapanyagokra van sz\u00fcks\u00e9g a helysz\u00ednen:<\/strong>&nbsp;<\/p><ul class=\"wp-block-list\"><li><strong>SIXBAU Remix kever\u00e9k<\/strong><\/li>\n\n<li><strong>SIXBAU AD adal\u00e9kanyag<\/strong><\/li>\n\n<li>Cement<\/li><\/ul><p><strong>A SIXBAU Remixet az \u00e9p\u00edtkez\u00e9s helysz\u00edn\u00e9n k\u00f6nnyed\u00e9n feldolgozhatjuk betonkever\u0151vel, vagy estrich-g\u00e9ppel.<\/strong>&nbsp;<\/p><p><strong>T\u00f6k\u00e9letes v\u00e1laszt\u00e1s az \u00e9p\u00fclet homlokzati szigetel\u00e9s\u00e9re a SIXBAU gPanel. Alacsony t\u00f6meg\u0171, rendk\u00edv\u00fcl sokoldal\u00faan felhaszn\u00e1lhat\u00f3 k\u00f6nny\u0171beton term\u00e9k. 5 \u2013 15 cm vastags\u00e1gban, k\u00e9tf\u00e9le t\u00e1blam\u00e9retben \u00e9rhet\u0151 el. Ut\u00f3lagos h\u0151szigetel\u00e9sre is alkalmas, h\u0151 megtart\u00f3, p\u00e1ra \u00e1tereszt\u0151.<\/strong><\/p><div style=\"display:flex;\"><a href=\"https:\/\/sixbau.hu\/shop\/termekkategoria\/polisztirol-beton-daralek\/\" target=\"_blank\" rel=\"noopener\"><figure class=\"wp-block-image size-large\"><img loading=\"lazy\" decoding=\"async\" width=\"1024\" height=\"1024\" src=\"https:\/\/sixbau.hu\/shop\/wp-content\/uploads\/2024\/06\/Sixbau_Remix_google_hirdetes_1200x1200px-1-1024x1024.jpg\" alt=\"\" class=\"wp-image-737\" srcset=\"https:\/\/sixbau.hu\/shop\/wp-content\/uploads\/2024\/06\/Sixbau_Remix_google_hirdetes_1200x1200px-1-1024x1024.jpg 1024w, https:\/\/sixbau.hu\/shop\/wp-content\/uploads\/2024\/06\/Sixbau_Remix_google_hirdetes_1200x1200px-1-300x300.jpg 300w, https:\/\/sixbau.hu\/shop\/wp-content\/uploads\/2024\/06\/Sixbau_Remix_google_hirdetes_1200x1200px-1-150x150.jpg 150w, https:\/\/sixbau.hu\/shop\/wp-content\/uploads\/2024\/06\/Sixbau_Remix_google_hirdetes_1200x1200px-1-768x768.jpg 768w, https:\/\/sixbau.hu\/shop\/wp-content\/uploads\/2024\/06\/Sixbau_Remix_google_hirdetes_1200x1200px-1-324x324.jpg 324w, https:\/\/sixbau.hu\/shop\/wp-content\/uploads\/2024\/06\/Sixbau_Remix_google_hirdetes_1200x1200px-1-416x416.jpg 416w, https:\/\/sixbau.hu\/shop\/wp-content\/uploads\/2024\/06\/Sixbau_Remix_google_hirdetes_1200x1200px-1-100x100.jpg 100w, https:\/\/sixbau.hu\/shop\/wp-content\/uploads\/2024\/06\/Sixbau_Remix_google_hirdetes_1200x1200px-1.jpg 1200w\" sizes=\"auto, (max-width: 1024px) 100vw, 1024px\" \/><\/figure><\/a><a href=\"https:\/\/sixbau.hu\/shop\/termekkategoria\/szigetelo-es-epitolemezek\/\" target=\"_blank\" rel=\"noopener\"><figure class=\"wp-block-image size-large\"><img loading=\"lazy\" decoding=\"async\" width=\"1024\" height=\"1024\" src=\"https:\/\/sixbau.hu\/shop\/wp-content\/uploads\/2024\/06\/Sixbau_Panel_google_hirdetes_1200x1200px-1024x1024.jpg\" alt=\"\" class=\"wp-image-738\" srcset=\"https:\/\/sixbau.hu\/shop\/wp-content\/uploads\/2024\/06\/Sixbau_Panel_google_hirdetes_1200x1200px-1024x1024.jpg 1024w, https:\/\/sixbau.hu\/shop\/wp-content\/uploads\/2024\/06\/Sixbau_Panel_google_hirdetes_1200x1200px-300x300.jpg 300w, https:\/\/sixbau.hu\/shop\/wp-content\/uploads\/2024\/06\/Sixbau_Panel_google_hirdetes_1200x1200px-150x150.jpg 150w, https:\/\/sixbau.hu\/shop\/wp-content\/uploads\/2024\/06\/Sixbau_Panel_google_hirdetes_1200x1200px-768x768.jpg 768w, https:\/\/sixbau.hu\/shop\/wp-content\/uploads\/2024\/06\/Sixbau_Panel_google_hirdetes_1200x1200px-324x324.jpg 324w, https:\/\/sixbau.hu\/shop\/wp-content\/uploads\/2024\/06\/Sixbau_Panel_google_hirdetes_1200x1200px-416x416.jpg 416w, https:\/\/sixbau.hu\/shop\/wp-content\/uploads\/2024\/06\/Sixbau_Panel_google_hirdetes_1200x1200px-100x100.jpg 100w, https:\/\/sixbau.hu\/shop\/wp-content\/uploads\/2024\/06\/Sixbau_Panel_google_hirdetes_1200x1200px.jpg 1200w\" sizes=\"auto, (max-width: 1024px) 100vw, 1024px\" \/><\/figure><\/a><\/div><div class=\"wp-block-buttons is-layout-flex wp-block-buttons-is-layout-flex\"><div class=\"wp-block-button\"><a class=\"wp-block-button__link wp-element-button\" href=\"https:\/\/sixbau.hu\/kapcsolat\" target=\"_blank\" rel=\"noreferrer noopener\">K\u00e9rd\u00e9sem van<\/a><\/div><\/div><p>A fenti adatok t\u00e1j\u00e9koztat\u00f3 jelleg\u0171ek, nem min\u0151s\u00fclnek aj\u00e1nlatnak.&nbsp;<\/p><p><strong>Mi\u00e9rt fontos ez a l\u00e9p\u00e9s?<\/strong>&nbsp;<\/p><p><strong>Az \u00faj t\u00e1mogat\u00e1si program nemcsak az otthonok \u00e1llapot\u00e1nak jav\u00edt\u00e1s\u00e1t c\u00e9lozza, hanem hozz\u00e1j\u00e1rul az orsz\u00e1g energetikai hat\u00e9konys\u00e1g\u00e1nak n\u00f6vel\u00e9s\u00e9hez is. Az energetikai korszer\u0171s\u00edt\u00e9sek r\u00e9v\u00e9n cs\u00f6kkenhetnek a rezsik\u00f6lts\u00e9gek, \u00e9s javulhat az ingatlanok piaci \u00e9rt\u00e9ke.<\/strong>&nbsp;<\/p>","protected":false},"excerpt":{"rendered":"<p>Az otthonfel\u00faj\u00edt\u00e1si t\u00e1mogat\u00e1sok mindig is n\u00e9pszer\u0171 t\u00e9m\u00e1t jelentettek a lak\u00e1stulajdonosok k\u00f6r\u00e9ben, \u00e9s a 2024-es \u00e9v \u00faj lehet\u0151s\u00e9geket hozott a csal\u00e1di h\u00e1zak tulajdonosai sz\u00e1m\u00e1ra. A korm\u00e1ny bejelentette, hogy az 1990 el\u0151tt \u00e9p\u00fclt ingatlanok tulajdonosai p\u00e1ly\u00e1zhatnak a leg\u00fajabb t\u00e1mogat\u00e1si programra, melynek keret\u00f6sszege 108 milli\u00e1rd forint.&nbsp;&nbsp; A t\u00e1mogat\u00e1s r\u00e9szletei&nbsp;&nbsp; V\u00e1rhat\u00f3an milyen dokumentumok lesznek sz\u00fcks\u00e9gesek az otthonfel\u00faj\u00edt\u00e1si t\u00e1mogat\u00e1s ig\u00e9nyl\u00e9s\u00e9hez?&nbsp; [&hellip;]<\/p>\n","protected":false},"author":2,"featured_media":0,"parent":0,"menu_order":0,"comment_status":"closed","ping_status":"closed","template":"","meta":{"footnotes":""},"class_list":["post-728","page","type-page","status-publish","hentry"],"jetpack_sharing_enabled":true,"_links":{"self":[{"href":"https:\/\/sixbau.hu\/shop\/wp-json\/wp\/v2\/pages\/728","targetHints":{"allow":["GET"]}}],"collection":[{"href":"https:\/\/sixbau.hu\/shop\/wp-json\/wp\/v2\/pages"}],"about":[{"href":"https:\/\/sixbau.hu\/shop\/wp-json\/wp\/v2\/types\/page"}],"author":[{"embeddable":true,"href":"https:\/\/sixbau.hu\/shop\/wp-json\/wp\/v2\/users\/2"}],"replies":[{"embeddable":true,"href":"https:\/\/sixbau.hu\/shop\/wp-json\/wp\/v2\/comments?post=728"}],"version-history":[{"count":6,"href":"https:\/\/sixbau.hu\/shop\/wp-json\/wp\/v2\/pages\/728\/revisions"}],"predecessor-version":[{"id":750,"href":"https:\/\/sixbau.hu\/shop\/wp-json\/wp\/v2\/pages\/728\/revisions\/750"}],"wp:attachment":[{"href":"https:\/\/sixbau.hu\/shop\/wp-json\/wp\/v2\/media?parent=728"}],"curies":[{"name":"wp","href":"https:\/\/api.w.org\/{rel}","templated":true}]}}