{"id":617,"date":"2023-04-11T07:56:22","date_gmt":"2023-04-11T07:56:22","guid":{"rendered":"https:\/\/sixbau.hu\/shop\/?post_type=product&#038;p=617"},"modified":"2026-02-17T08:38:37","modified_gmt":"2026-02-17T08:38:37","slug":"sixbau-gblock-41s","status":"publish","type":"product","link":"https:\/\/sixbau.hu\/shop\/termek\/sixbau-gblock-41s\/","title":{"rendered":"SIXBAU gBlock 41S (410 x 615 x 277) 6 db\/m2 (18 210 Ft brutt\u00f3)"},"content":{"rendered":"<p><span data-contrast=\"auto\">A SIXBAU gBlock falaz\u00f3elemek olyan nagym\u00e9ret\u0171 polisztirolbeton t\u00e9gl\u00e1k, melyekb\u0151l teherhord\u00f3 \u00e9s v\u00e1zkit\u00f6lt\u0151 falak \u00e9p\u00edthet\u0151k. Falaz\u00f3elemeink l\u00e1tv\u00e1nyosan gyors \u00e9p\u00edtkez\u00e9st tesznek lehet\u0151v\u00e9, 1m2 falazat elk\u00e9sz\u00edt\u00e9s\u00e9hez mind\u00f6ssze 6 db gBlock t\u00e9gl\u00e1ra van sz\u00fcks\u00e9g.\u00a0<\/span><span data-ccp-props=\"{&quot;201341983&quot;:0,&quot;335559739&quot;:160,&quot;335559740&quot;:259}\">\u00a0<\/span><\/p>\n<p><span data-contrast=\"auto\">A gBlock falaz\u00f3elemb\u0151l \u00e9p\u00edtett egyr\u00e9teg\u0171 falazatok k\u00f6nnyed\u00e9n teljes\u00edtik a leg\u00fajabb h\u0151technikai el\u0151\u00edr\u00e1sokat, illetve az el\u0151\u00edrt k\u00f6vetelm\u00e9nyeket, haszn\u00e1latukkal AA+ energetikai besorol\u00e1s is el\u00e9rhet\u0151, kieg\u00e9sz\u00edt\u0151 h\u0151szigetel\u00e9s alkalmaz\u00e1sa n\u00e9lk\u00fcl.\u00a0<\/span><span data-ccp-props=\"{&quot;201341983&quot;:0,&quot;335559739&quot;:160,&quot;335559740&quot;:259}\">\u00a0<\/span><\/p>\n<p><span data-contrast=\"auto\">Az elk\u00e9sz\u00fclt falazat k\u00f6nnyen megmunk\u00e1lhat\u00f3, a g\u00e9p\u00e9szeti vezet\u00e9kek elhelyez\u00e9s\u00e9hez sz\u00fcks\u00e9ges hornyok kialak\u00edt\u00e1sa rendk\u00edv\u00fcl gyors \u00e9s egyszer\u0171. A gBlock t\u00e9gl\u00e1b\u00f3l k\u00e9sz\u00fclt falazatot r\u00e1gcs\u00e1l\u00f3k, rovarok \u00e9s egy\u00e9b k\u00e1rtev\u0151k nem k\u00e1ros\u00edtj\u00e1k, madarak \u00e9s m\u00e1s melegv\u00e9r\u0171 \u00e9l\u0151l\u00e9nyek nem sz\u00edvesen v\u00e1lasztj\u00e1k lak\u00f3hely\u00fcl.<\/span><span data-ccp-props=\"{&quot;201341983&quot;:0,&quot;335559739&quot;:160,&quot;335559740&quot;:259}\">\u00a0<\/span><\/p>\n<h2 style=\"text-align: left;\" aria-level=\"2\"><strong>Tulajdons\u00e1gok\u00a0<\/strong><\/h2>\n<ul>\n<li data-leveltext=\"\uf0b7\" data-font=\"Symbol\" data-listid=\"1\" data-list-defn-props=\"{&quot;335552541&quot;:1,&quot;335559684&quot;:-2,&quot;335559685&quot;:720,&quot;335559991&quot;:360,&quot;469769226&quot;:&quot;Symbol&quot;,&quot;469769242&quot;:[8226],&quot;469777803&quot;:&quot;left&quot;,&quot;469777804&quot;:&quot;\uf0b7&quot;,&quot;469777815&quot;:&quot;hybridMultilevel&quot;}\" aria-setsize=\"-1\" data-aria-posinset=\"1\" data-aria-level=\"1\"><span data-contrast=\"auto\">Kiv\u00e1l\u00f3 h\u0151szigetel\u0151 k\u00e9pess\u00e9g, el\u00e9rhet\u0151 besorol\u00e1s AA+<\/span><span data-ccp-props=\"{&quot;201341983&quot;:0,&quot;335559739&quot;:160,&quot;335559740&quot;:259}\">\u00a0<\/span><\/li>\n<li data-leveltext=\"\uf0b7\" data-font=\"Symbol\" data-listid=\"1\" data-list-defn-props=\"{&quot;335552541&quot;:1,&quot;335559684&quot;:-2,&quot;335559685&quot;:720,&quot;335559991&quot;:360,&quot;469769226&quot;:&quot;Symbol&quot;,&quot;469769242&quot;:[8226],&quot;469777803&quot;:&quot;left&quot;,&quot;469777804&quot;:&quot;\uf0b7&quot;,&quot;469777815&quot;:&quot;hybridMultilevel&quot;}\" aria-setsize=\"-1\" data-aria-posinset=\"2\" data-aria-level=\"1\"><span data-contrast=\"auto\">\u00a0K\u00fcl\u00f6nlegesen j\u00f3 kl\u00edma \u00e9s komfort\u00e9rzet, alacsony f\u0171t\u00e9si k\u00f6lts\u00e9gek<\/span><span data-ccp-props=\"{&quot;201341983&quot;:0,&quot;335559739&quot;:160,&quot;335559740&quot;:259}\">\u00a0<\/span><\/li>\n<li data-leveltext=\"\uf0b7\" data-font=\"Symbol\" data-listid=\"1\" data-list-defn-props=\"{&quot;335552541&quot;:1,&quot;335559684&quot;:-2,&quot;335559685&quot;:720,&quot;335559991&quot;:360,&quot;469769226&quot;:&quot;Symbol&quot;,&quot;469769242&quot;:[8226],&quot;469777803&quot;:&quot;left&quot;,&quot;469777804&quot;:&quot;\uf0b7&quot;,&quot;469777815&quot;:&quot;hybridMultilevel&quot;}\" aria-setsize=\"-1\" data-aria-posinset=\"3\" data-aria-level=\"1\"><span data-contrast=\"auto\">\u00a0Rendk\u00edv\u00fcl gyors \u00e9s k\u00f6nny\u0171 \u00e9p\u00edtkez\u00e9s, ak\u00e1r t\u00e9li id\u0151szakban is<\/span><span data-ccp-props=\"{&quot;201341983&quot;:0,&quot;335559739&quot;:160,&quot;335559740&quot;:259}\">\u00a0<\/span><\/li>\n<li data-leveltext=\"\uf0b7\" data-font=\"Symbol\" data-listid=\"1\" data-list-defn-props=\"{&quot;335552541&quot;:1,&quot;335559684&quot;:-2,&quot;335559685&quot;:720,&quot;335559991&quot;:360,&quot;469769226&quot;:&quot;Symbol&quot;,&quot;469769242&quot;:[8226],&quot;469777803&quot;:&quot;left&quot;,&quot;469777804&quot;:&quot;\uf0b7&quot;,&quot;469777815&quot;:&quot;hybridMultilevel&quot;}\" aria-setsize=\"-1\" data-aria-posinset=\"4\" data-aria-level=\"1\"><span data-contrast=\"auto\">\u00a0K\u00f6lts\u00e9ghat\u00e9kony, nincs sz\u00fcks\u00e9g plusz homlokzati szigetel\u00e9sre<\/span><span data-ccp-props=\"{&quot;201341983&quot;:0,&quot;335559739&quot;:160,&quot;335559740&quot;:259}\">\u00a0<\/span><\/li>\n<li data-leveltext=\"\uf0b7\" data-font=\"Symbol\" data-listid=\"1\" data-list-defn-props=\"{&quot;335552541&quot;:1,&quot;335559684&quot;:-2,&quot;335559685&quot;:720,&quot;335559991&quot;:360,&quot;469769226&quot;:&quot;Symbol&quot;,&quot;469769242&quot;:[8226],&quot;469777803&quot;:&quot;left&quot;,&quot;469777804&quot;:&quot;\uf0b7&quot;,&quot;469777815&quot;:&quot;hybridMultilevel&quot;}\" aria-setsize=\"-1\" data-aria-posinset=\"5\" data-aria-level=\"1\"><span data-contrast=\"auto\">\u00a0K\u00f6nnyen megmunk\u00e1lhat\u00f3, ez\u00e9rt gyorsabb a g\u00e9p\u00e9szeti szerel\u00e9s<\/span><span data-ccp-props=\"{&quot;201341983&quot;:0,&quot;335559739&quot;:160,&quot;335559740&quot;:259}\">\u00a0<\/span><\/li>\n<li data-leveltext=\"\uf0b7\" data-font=\"Symbol\" data-listid=\"1\" data-list-defn-props=\"{&quot;335552541&quot;:1,&quot;335559684&quot;:-2,&quot;335559685&quot;:720,&quot;335559991&quot;:360,&quot;469769226&quot;:&quot;Symbol&quot;,&quot;469769242&quot;:[8226],&quot;469777803&quot;:&quot;left&quot;,&quot;469777804&quot;:&quot;\uf0b7&quot;,&quot;469777815&quot;:&quot;hybridMultilevel&quot;}\" aria-setsize=\"-1\" data-aria-posinset=\"5\" data-aria-level=\"1\"><span data-contrast=\"auto\">T\u00f6m\u00f6r szerkezet\u0171, r\u00e1gcs\u00e1l\u00f3, rovar \u00e9s k\u00e1rtev\u0151 mentes<\/span><span data-ccp-props=\"{&quot;201341983&quot;:0,&quot;335559739&quot;:160,&quot;335559740&quot;:259}\">\u00a0<\/span><\/li>\n<\/ul>\n<h2 style=\"text-align: left;\" aria-level=\"2\"><strong>Felhaszn\u00e1l\u00e1si ter\u00fclet\u00a0<\/strong><\/h2>\n<p><span data-contrast=\"auto\">Lak\u00f3-, k\u00f6z\u00f6ss\u00e9gi-, \u00e9s ipari \u00e9p\u00fcletek teherhord\u00f3, v\u00e1zkit\u00f6lt\u0151, illetve t\u00e9relhat\u00e1rol\u00f3 falazatainak \u00e9p\u00edt\u00e9s\u00e9hez.<\/span><span data-ccp-props=\"{&quot;201341983&quot;:0,&quot;335559739&quot;:160,&quot;335559740&quot;:259}\">\u00a0<\/span><\/p>\n<h2 style=\"text-align: left;\" aria-level=\"1\"><strong>Let\u00f6lthet\u0151 tartalom\u00a0<\/strong><\/h2>\n<p><a href=\"https:\/\/sixbau.hu\/assets\/docs\/Prospektusok\/Sixbau_Szorolap_A4_bBlock_9.pdf\"><span data-contrast=\"none\">SIXBAU gBlock falaz\u00f3elem katal\u00f3gus<\/span><\/a><span data-ccp-props=\"{&quot;201341983&quot;:0,&quot;335559739&quot;:160,&quot;335559740&quot;:257}\">\u00a0<\/span><\/p>\n<p><a href=\"https:\/\/sixbau.hu\/assets\/docs\/%C3%81rlista\/Sixbau_Arjegyzek_%202022.pdf\"><span data-contrast=\"none\">Sixbau<\/span><span data-contrast=\"none\"> \u00e9p\u00edt\u0151anyagok \u00e1rlista<\/span><\/a><span data-ccp-props=\"{&quot;201341983&quot;:0,&quot;335559739&quot;:160,&quot;335559740&quot;:257}\">\u00a0<\/span><\/p>\n<p><span data-contrast=\"none\">Tov\u00e1bbi inform\u00e1ci\u00f3\u00e9rt l\u00e1togasson el a <\/span><a href=\"https:\/\/sixbau.hu\/termekek\/sixbau-gblock-falazoelem\"><span data-contrast=\"none\">SIXBAU gBlock falaz\u00f3elem<\/span><\/a><span data-contrast=\"none\"> oldalra, h\u00edvjon minket a +36 62 573 330 telefonsz\u00e1mon vagy k\u00fcldj\u00f6n e-mail az <\/span><a href=\"https:\/\/sixbau.hu\/kapcsolat\"><span data-contrast=\"none\">kapcsolati oldalunkon<\/span><\/a><span data-contrast=\"none\">.<\/span><span data-ccp-props=\"{&quot;201341983&quot;:0,&quot;335559739&quot;:160,&quot;335559740&quot;:257}\">\u00a0<\/span><\/p>\n<section id=\"product_gblock\">\u00a0<\/section>\n<p><iframe loading=\"lazy\" style=\"margin-bottom: 3rem;\" title=\"YouTube video player\" src=\"https:\/\/www.youtube.com\/embed\/qMz5bpwMMRI\" width=\"100%\" height=\"650\" frameborder=\"0\" allowfullscreen=\"allowfullscreen\"><span data-mce-type=\"bookmark\" style=\"display: inline-block; width: 0px; overflow: hidden; line-height: 0;\" class=\"mce_SELRES_start\">\ufeff<\/span><\/iframe><br \/>\n<iframe loading=\"lazy\" style=\"margin-bottom: 3rem;\" title=\"YouTube video player\" src=\"https:\/\/www.youtube.com\/embed\/XIbK_9EUO4M\" width=\"100%\" height=\"650\" frameborder=\"0\" allowfullscreen=\"allowfullscreen\"><\/iframe><iframe loading=\"lazy\" style=\"margin-bottom: 3rem;\" title=\"YouTube video player\" src=\"https:\/\/www.youtube.com\/embed\/PYJZAcW-_-4\" width=\"100%\" height=\"650\" frameborder=\"0\" allowfullscreen=\"allowfullscreen\"><\/iframe><\/p>\n","protected":false},"excerpt":{"rendered":"<p>&nbsp;<\/p>\n<table id=\"variation-parameters-table\">\n<tbody>\n<tr>\n<td>Geometriai m\u00e9retek (sz\u00e9less\u00e9g x magass\u00e1g x hossz\u00fas\u00e1g mm):<\/td>\n<td>410 x 615 x 277<\/td>\n<\/tr>\n<tr>\n<td>Elem nyom\u00f3szil\u00e1rds\u00e1g:<\/td>\n<td>0,37\/0,43 N\/mm2<\/td>\n<\/tr>\n<tr>\n<td>H\u0151vezet\u00e9si t\u00e9nyez\u0151:<\/td>\n<td>0,069 W\/mK<\/td>\n<\/tr>\n<tr>\n<td>H\u0151\u00e1tbocs\u00e1t\u00e1s t\u00e9nyez\u0151:<\/td>\n<td>0,18 W\/m2K<\/td>\n<\/tr>\n<tr>\n<td>Kapill\u00e1ris v\u00edzfelv\u00e9tel:<\/td>\n<td>1.8-2.6 g\/m2xs<\/td>\n<\/tr>\n<tr>\n<td>T\u0171z\u00e1ll\u00f3s\u00e1gi oszt\u00e1ly:<\/td>\n<td>A2 \u2013 s1, d0<\/td>\n<\/tr>\n<tr>\n<td>T\u0171z\u00e1ll\u00f3s\u00e1gi hat\u00e1r\u00e9rt\u00e9k:<\/td>\n<td>REI 90<\/td>\n<\/tr>\n<tr>\n<td>P\u00e1radiff\u00fazi\u00f3s egy\u00fctth.:<\/td>\n<td>7-10 \u00b5<\/td>\n<\/tr>\n<tr>\n<td>L\u00e9ghangg\u00e1tl\u00e1si sz\u00e1ma:<\/td>\n<td>41 (-1; -3) dB<\/td>\n<\/tr>\n<tr>\n<td>Ny\u00edr\u00f3szil\u00e1rds\u00e1g:<\/td>\n<td>\u22650,05 N\/mm2<\/td>\n<\/tr>\n<tr>\n<td>Elemt\u00f6meg:<\/td>\n<td>19,85-22,65 kg<\/td>\n<\/tr>\n<tr>\n<td>Falaz\u00f3elem \/ egyutas raklap:<\/td>\n<td>18-24 db\/raklap<\/td>\n<\/tr>\n<tr>\n<td>HUF \/ raklap (a raklap \u00e1ra 3810 Ft brutt\u00f3):<\/td>\n<td><\/td>\n<\/tr>\n<\/tbody>\n<\/table>\n","protected":false},"featured_media":451,"template":"","meta":[],"product_cat":[24],"product_tag":[],"class_list":{"0":"post-617","1":"product","2":"type-product","3":"status-publish","4":"has-post-thumbnail","6":"product_cat-tegla-falazoelemek","8":"first","9":"instock","10":"shipping-taxable","11":"purchasable","12":"product-type-simple"},"jetpack_sharing_enabled":true,"_links":{"self":[{"href":"https:\/\/sixbau.hu\/shop\/wp-json\/wp\/v2\/product\/617","targetHints":{"allow":["GET"]}}],"collection":[{"href":"https:\/\/sixbau.hu\/shop\/wp-json\/wp\/v2\/product"}],"about":[{"href":"https:\/\/sixbau.hu\/shop\/wp-json\/wp\/v2\/types\/product"}],"wp:featuredmedia":[{"embeddable":true,"href":"https:\/\/sixbau.hu\/shop\/wp-json\/wp\/v2\/media\/451"}],"wp:attachment":[{"href":"https:\/\/sixbau.hu\/shop\/wp-json\/wp\/v2\/media?parent=617"}],"wp:term":[{"taxonomy":"product_cat","embeddable":true,"href":"https:\/\/sixbau.hu\/shop\/wp-json\/wp\/v2\/product_cat?post=617"},{"taxonomy":"product_tag","embeddable":true,"href":"https:\/\/sixbau.hu\/shop\/wp-json\/wp\/v2\/product_tag?post=617"}],"curies":[{"name":"wp","href":"https:\/\/api.w.org\/{rel}","templated":true}]}}