{"id":626,"date":"2023-04-11T08:10:19","date_gmt":"2023-04-11T08:10:19","guid":{"rendered":"https:\/\/sixbau.hu\/shop\/?post_type=product&#038;p=626"},"modified":"2025-09-23T09:15:58","modified_gmt":"2025-09-23T09:15:58","slug":"sixbau-gpanel-80-nf","status":"publish","type":"product","link":"https:\/\/sixbau.hu\/shop\/termek\/sixbau-gpanel-80-nf\/","title":{"rendered":"SIXBAU gPanel 80 NF (80 x 580 x 750)"},"content":{"rendered":"<p><iframe loading=\"lazy\" title=\"Mi\u00e9rt v\u00e1laszd a SIXBAU gPanelt homlozati szigetel\u00e9sre?\" src=\"https:\/\/www.youtube.com\/embed\/iRzRdPyqgm4\" width=\"467\" height=\"831\" frameborder=\"0\" allowfullscreen=\"allowfullscreen\"><\/iframe><br \/>\n<span data-contrast=\"auto\">A SIXBAU gPanel szigetel\u0151 \u00e9s \u00e9p\u00edt\u0151lemezek alacsony t\u00f6meg\u0171, rendk\u00edv\u00fcl sokoldal\u00faan felhaszn\u00e1lhat\u00f3 k\u00f6nny\u0171beton term\u00e9kek, amelyek kiv\u00e1l\u00f3an alkalmasok elfalaz\u00e1sok k\u00e9sz\u00edt\u00e9s\u00e9hez, bennmarad\u00f3 zsaluelemk\u00e9nt, lak\u00e1s \u00e9s f\u00fcrd\u0151szoba fel\u00faj\u00edt\u00e1sokn\u00e1l, k\u00e1dak be\u00e9p\u00edt\u00e9sekor, festhet\u0151, burkolhat\u00f3 polcok \u00e9s be\u00e9p\u00edtett szekr\u00e9nyek k\u00e9sz\u00edt\u00e9sekor, tov\u00e1bb\u00e1 homlokzati munk\u00e1kn\u00e1l ereszdeszk\u00e1zat kiv\u00e1lt\u00e1s\u00e1hoz, stukk\u00f3k\u00e9nt \u00e9s egy\u00e9b homlokzati d\u00edsz\u00edt\u00e9sekhez.\u00a0<\/span><span data-ccp-props=\"{&quot;201341983&quot;:0,&quot;335559739&quot;:160,&quot;335559740&quot;:257}\">\u00a0<\/span><\/p>\n<p><span data-contrast=\"auto\">A gPanel elemek a legt\u00f6bb \u00e9p\u00edt\u0151iparban haszn\u00e1lt anyaggal j\u00f3l kombin\u00e1lhat\u00f3k, k\u00f6zvetlen\u00fcl burkolhat\u00f3k csemp\u00e9vel \u00e9s egy\u00e9b burkol\u00f3anyagokkal, k\u00f6nnyen glettelhet\u0151k \u00e9s vakolhat\u00f3k. A SIXBAU gPanel szigetel\u0151 \u00e9s \u00e9p\u00edt\u0151lemezeket 5 cm \u2013 15 cm k\u00f6z\u00f6tti vastags\u00e1gban, k\u00e9tf\u00e9le t\u00e1blam\u00e9retben forgalmazzuk. A gPanel elemek \u00e9lkik\u00e9pz\u00e9s\u00fck szerint norm\u00e1l, illetve n\u00fat-f\u00e9deres kialak\u00edt\u00e1ssal k\u00e9sz\u00fclnek.<\/span><span data-ccp-props=\"{&quot;201341983&quot;:0,&quot;335559739&quot;:160,&quot;335559740&quot;:257}\">\u00a0<\/span><\/p>\n<p>&nbsp;<\/p>\n<p><img loading=\"lazy\" decoding=\"async\" class=\"aligncenter wp-image-548 size-full\" src=\"https:\/\/sixbau.hu\/shop\/wp-content\/uploads\/2022\/06\/gpanel_abra.png\" alt=\"\" width=\"596\" height=\"452\" srcset=\"https:\/\/sixbau.hu\/shop\/wp-content\/uploads\/2022\/06\/gpanel_abra.png 596w, https:\/\/sixbau.hu\/shop\/wp-content\/uploads\/2022\/06\/gpanel_abra-300x228.png 300w, https:\/\/sixbau.hu\/shop\/wp-content\/uploads\/2022\/06\/gpanel_abra-416x315.png 416w\" sizes=\"auto, (max-width: 596px) 100vw, 596px\" \/><\/p>\n<h2 style=\"text-align: left;\" aria-level=\"2\"><strong>Tulajdons\u00e1gok\u00a0<\/strong><\/h2>\n<ul>\n<li data-leveltext=\"\u00b7\" data-font=\"Symbol\" data-listid=\"1\" data-list-defn-props=\"{&quot;335552541&quot;:1,&quot;335559684&quot;:-2,&quot;335559685&quot;:720,&quot;335559991&quot;:360,&quot;469769226&quot;:&quot;Symbol&quot;,&quot;469769242&quot;:[8226],&quot;469777803&quot;:&quot;left&quot;,&quot;469777804&quot;:&quot;\u00b7&quot;,&quot;469777815&quot;:&quot;hybridMultilevel&quot;}\" aria-setsize=\"-1\" data-aria-posinset=\"1\" data-aria-level=\"1\"><span data-contrast=\"auto\">Univerz\u00e1lisan haszn\u00e1lhat\u00f3 \u00e9p\u00edt\u0151anyag<\/span><span data-ccp-props=\"{&quot;201341983&quot;:0,&quot;335559739&quot;:160,&quot;335559740&quot;:259}\">\u00a0<\/span><\/li>\n<li data-leveltext=\"\u00b7\" data-font=\"Symbol\" data-listid=\"1\" data-list-defn-props=\"{&quot;335552541&quot;:1,&quot;335559684&quot;:-2,&quot;335559685&quot;:720,&quot;335559991&quot;:360,&quot;469769226&quot;:&quot;Symbol&quot;,&quot;469769242&quot;:[8226],&quot;469777803&quot;:&quot;left&quot;,&quot;469777804&quot;:&quot;\u00b7&quot;,&quot;469777815&quot;:&quot;hybridMultilevel&quot;}\" aria-setsize=\"-1\" data-aria-posinset=\"2\" data-aria-level=\"1\"><span data-contrast=\"auto\">Homog\u00e9n, nem vetemedik, nem reped<\/span><span data-ccp-props=\"{&quot;201341983&quot;:0,&quot;335559739&quot;:160,&quot;335559740&quot;:259}\">\u00a0<\/span><\/li>\n<li data-leveltext=\"\u00b7\" data-font=\"Symbol\" data-listid=\"1\" data-list-defn-props=\"{&quot;335552541&quot;:1,&quot;335559684&quot;:-2,&quot;335559685&quot;:720,&quot;335559991&quot;:360,&quot;469769226&quot;:&quot;Symbol&quot;,&quot;469769242&quot;:[8226],&quot;469777803&quot;:&quot;left&quot;,&quot;469777804&quot;:&quot;\u00b7&quot;,&quot;469777815&quot;:&quot;hybridMultilevel&quot;}\" aria-setsize=\"-1\" data-aria-posinset=\"3\" data-aria-level=\"1\"><span data-contrast=\"auto\">K\u00f6nny\u0171 \u00e9s j\u00f3 h\u0151szigetel\u0151, j\u00f3 p\u00e1ra\u00e1tereszt\u0151<\/span><span data-ccp-props=\"{&quot;201341983&quot;:0,&quot;335559739&quot;:160,&quot;335559740&quot;:259}\">\u00a0<\/span><\/li>\n<li data-leveltext=\"\u00b7\" data-font=\"Symbol\" data-listid=\"1\" data-list-defn-props=\"{&quot;335552541&quot;:1,&quot;335559684&quot;:-2,&quot;335559685&quot;:720,&quot;335559991&quot;:360,&quot;469769226&quot;:&quot;Symbol&quot;,&quot;469769242&quot;:[8226],&quot;469777803&quot;:&quot;left&quot;,&quot;469777804&quot;:&quot;\u00b7&quot;,&quot;469777815&quot;:&quot;hybridMultilevel&quot;}\" aria-setsize=\"-1\" data-aria-posinset=\"4\" data-aria-level=\"1\"><span data-contrast=\"auto\">Nedvess\u00e9gre nem \u00e9rz\u00e9keny, tart\u00f3s, id\u0151t\u00e1ll\u00f3<\/span><span data-ccp-props=\"{&quot;201341983&quot;:0,&quot;335559739&quot;:160,&quot;335559740&quot;:259}\">\u00a0<\/span><\/li>\n<li data-leveltext=\"\u00b7\" data-font=\"Symbol\" data-listid=\"1\" data-list-defn-props=\"{&quot;335552541&quot;:1,&quot;335559684&quot;:-2,&quot;335559685&quot;:720,&quot;335559991&quot;:360,&quot;469769226&quot;:&quot;Symbol&quot;,&quot;469769242&quot;:[8226],&quot;469777803&quot;:&quot;left&quot;,&quot;469777804&quot;:&quot;\u00b7&quot;,&quot;469777815&quot;:&quot;hybridMultilevel&quot;}\" aria-setsize=\"-1\" data-aria-posinset=\"5\" data-aria-level=\"1\"><span data-contrast=\"auto\">100%-ban \u00fajrahasznos\u00edthat\u00f3<\/span><span data-ccp-props=\"{&quot;201341983&quot;:0,&quot;335559739&quot;:160,&quot;335559740&quot;:259}\">\u00a0<\/span><\/li>\n<li data-leveltext=\"\u00b7\" data-font=\"Symbol\" data-listid=\"1\" data-list-defn-props=\"{&quot;335552541&quot;:1,&quot;335559684&quot;:-2,&quot;335559685&quot;:720,&quot;335559991&quot;:360,&quot;469769226&quot;:&quot;Symbol&quot;,&quot;469769242&quot;:[8226],&quot;469777803&quot;:&quot;left&quot;,&quot;469777804&quot;:&quot;\u00b7&quot;,&quot;469777815&quot;:&quot;hybridMultilevel&quot;}\" aria-setsize=\"-1\" data-aria-posinset=\"5\" data-aria-level=\"1\"><span data-contrast=\"auto\">R\u00e1gcs\u00e1l\u00f3k \u00e9s rovarok nem sz\u00edvesen v\u00e1lasztj\u00e1k lak\u00f3helynek<\/span><span data-ccp-props=\"{&quot;201341983&quot;:0,&quot;335559739&quot;:160,&quot;335559740&quot;:259}\">\u00a0<\/span><\/li>\n<\/ul>\n<h2 style=\"text-align: left;\" aria-level=\"2\"><strong>Felhaszn\u00e1l\u00e1si ter\u00fcletek\u00a0<\/strong><\/h2>\n<ul>\n<li data-leveltext=\"\uf0b7\" data-font=\"Symbol\" data-listid=\"3\" data-list-defn-props=\"{&quot;335552541&quot;:1,&quot;335559684&quot;:-2,&quot;335559685&quot;:720,&quot;335559991&quot;:360,&quot;469769226&quot;:&quot;Symbol&quot;,&quot;469769242&quot;:[8226],&quot;469777803&quot;:&quot;left&quot;,&quot;469777804&quot;:&quot;\uf0b7&quot;,&quot;469777815&quot;:&quot;hybridMultilevel&quot;}\" aria-setsize=\"-1\" data-aria-posinset=\"2\" data-aria-level=\"1\"><span data-contrast=\"auto\">El\u0151t\u00e9tfalak<\/span><span data-ccp-props=\"{&quot;201341983&quot;:0,&quot;335559739&quot;:160,&quot;335559740&quot;:259}\">\u00a0<\/span><\/li>\n<li data-leveltext=\"\uf0b7\" data-font=\"Symbol\" data-listid=\"3\" data-list-defn-props=\"{&quot;335552541&quot;:1,&quot;335559684&quot;:-2,&quot;335559685&quot;:720,&quot;335559991&quot;:360,&quot;469769226&quot;:&quot;Symbol&quot;,&quot;469769242&quot;:[8226],&quot;469777803&quot;:&quot;left&quot;,&quot;469777804&quot;:&quot;\uf0b7&quot;,&quot;469777815&quot;:&quot;hybridMultilevel&quot;}\" aria-setsize=\"-1\" data-aria-posinset=\"3\" data-aria-level=\"1\"><span data-contrast=\"auto\">K\u00fcl\u00f6nf\u00e9le elfalaz\u00e1sok<\/span><span data-ccp-props=\"{&quot;201341983&quot;:0,&quot;335559739&quot;:160,&quot;335559740&quot;:259}\">\u00a0<\/span><\/li>\n<li data-leveltext=\"\uf0b7\" data-font=\"Symbol\" data-listid=\"3\" data-list-defn-props=\"{&quot;335552541&quot;:1,&quot;335559684&quot;:-2,&quot;335559685&quot;:720,&quot;335559991&quot;:360,&quot;469769226&quot;:&quot;Symbol&quot;,&quot;469769242&quot;:[8226],&quot;469777803&quot;:&quot;left&quot;,&quot;469777804&quot;:&quot;\uf0b7&quot;,&quot;469777815&quot;:&quot;hybridMultilevel&quot;}\" aria-setsize=\"-1\" data-aria-posinset=\"4\" data-aria-level=\"1\"><span data-contrast=\"auto\">Lak\u00e1s fel\u00faj\u00edt\u00e1sok<\/span><span data-ccp-props=\"{&quot;201341983&quot;:0,&quot;335559739&quot;:160,&quot;335559740&quot;:259}\">\u00a0<\/span><\/li>\n<li data-leveltext=\"\uf0b7\" data-font=\"Symbol\" data-listid=\"3\" data-list-defn-props=\"{&quot;335552541&quot;:1,&quot;335559684&quot;:-2,&quot;335559685&quot;:720,&quot;335559991&quot;:360,&quot;469769226&quot;:&quot;Symbol&quot;,&quot;469769242&quot;:[8226],&quot;469777803&quot;:&quot;left&quot;,&quot;469777804&quot;:&quot;\uf0b7&quot;,&quot;469777815&quot;:&quot;hybridMultilevel&quot;}\" aria-setsize=\"-1\" data-aria-posinset=\"4\" data-aria-level=\"1\"><span data-contrast=\"auto\">F\u00fcrd\u0151k\u00e1d be\u00e9p\u00edt\u00e9sek<\/span><span data-ccp-props=\"{&quot;201341983&quot;:0,&quot;335559739&quot;:160,&quot;335559740&quot;:259}\">\u00a0<\/span><\/li>\n<li data-leveltext=\"\uf0b7\" data-font=\"Symbol\" data-listid=\"3\" data-list-defn-props=\"{&quot;335552541&quot;:1,&quot;335559684&quot;:-2,&quot;335559685&quot;:720,&quot;335559991&quot;:360,&quot;469769226&quot;:&quot;Symbol&quot;,&quot;469769242&quot;:[8226],&quot;469777803&quot;:&quot;left&quot;,&quot;469777804&quot;:&quot;\uf0b7&quot;,&quot;469777815&quot;:&quot;hybridMultilevel&quot;}\" aria-setsize=\"-1\" data-aria-posinset=\"4\" data-aria-level=\"1\"><span data-contrast=\"auto\">Bennmarad\u00f3 zsaluzatok<\/span><span data-ccp-props=\"{&quot;201341983&quot;:0,&quot;335559739&quot;:160,&quot;335559740&quot;:259}\">\u00a0<\/span><\/li>\n<li data-leveltext=\"\uf0b7\" data-font=\"Symbol\" data-listid=\"3\" data-list-defn-props=\"{&quot;335552541&quot;:1,&quot;335559684&quot;:-2,&quot;335559685&quot;:720,&quot;335559991&quot;:360,&quot;469769226&quot;:&quot;Symbol&quot;,&quot;469769242&quot;:[8226],&quot;469777803&quot;:&quot;left&quot;,&quot;469777804&quot;:&quot;\uf0b7&quot;,&quot;469777815&quot;:&quot;hybridMultilevel&quot;}\" aria-setsize=\"-1\" data-aria-posinset=\"4\" data-aria-level=\"1\"><span data-contrast=\"auto\">Homlokzati munk\u00e1k<\/span><span data-ccp-props=\"{&quot;201341983&quot;:0,&quot;335559739&quot;:160,&quot;335559740&quot;:259}\">\u00a0<\/span><\/li>\n<li data-leveltext=\"\uf0b7\" data-font=\"Symbol\" data-listid=\"3\" data-list-defn-props=\"{&quot;335552541&quot;:1,&quot;335559684&quot;:-2,&quot;335559685&quot;:720,&quot;335559991&quot;:360,&quot;469769226&quot;:&quot;Symbol&quot;,&quot;469769242&quot;:[8226],&quot;469777803&quot;:&quot;left&quot;,&quot;469777804&quot;:&quot;\uf0b7&quot;,&quot;469777815&quot;:&quot;hybridMultilevel&quot;}\" aria-setsize=\"-1\" data-aria-posinset=\"4\" data-aria-level=\"1\"><span data-contrast=\"auto\">Ereszdeszk\u00e1zat kiv\u00e1lt\u00e1s\u00e1ra<\/span><span data-ccp-props=\"{&quot;201341983&quot;:0,&quot;335559739&quot;:160,&quot;335559740&quot;:259}\">\u00a0<\/span><\/li>\n<li data-leveltext=\"\uf0b7\" data-font=\"Symbol\" data-listid=\"3\" data-list-defn-props=\"{&quot;335552541&quot;:1,&quot;335559684&quot;:-2,&quot;335559685&quot;:720,&quot;335559991&quot;:360,&quot;469769226&quot;:&quot;Symbol&quot;,&quot;469769242&quot;:[8226],&quot;469777803&quot;:&quot;left&quot;,&quot;469777804&quot;:&quot;\uf0b7&quot;,&quot;469777815&quot;:&quot;hybridMultilevel&quot;}\" aria-setsize=\"-1\" data-aria-posinset=\"4\" data-aria-level=\"1\"><span data-contrast=\"auto\">Stukk\u00f3k, oromzatok, egy\u00e9b d\u00edsz\u00edt\u00e9sek<\/span><span data-ccp-props=\"{&quot;201341983&quot;:0,&quot;335559739&quot;:160,&quot;335559740&quot;:259}\">\u00a0<\/span><\/li>\n<li data-leveltext=\"\uf0b7\" data-font=\"Symbol\" data-listid=\"3\" data-list-defn-props=\"{&quot;335552541&quot;:1,&quot;335559684&quot;:-2,&quot;335559685&quot;:720,&quot;335559991&quot;:360,&quot;469769226&quot;:&quot;Symbol&quot;,&quot;469769242&quot;:[8226],&quot;469777803&quot;:&quot;left&quot;,&quot;469777804&quot;:&quot;\uf0b7&quot;,&quot;469777815&quot;:&quot;hybridMultilevel&quot;}\" aria-setsize=\"-1\" data-aria-posinset=\"4\" data-aria-level=\"1\"><span data-contrast=\"auto\">Parkol\u00f3h\u00e1zak alulr\u00f3l h\u0171l\u0151 f\u00f6d\u00e9m szigetel\u00e9se<\/span><span data-ccp-props=\"{&quot;201341983&quot;:0,&quot;335559739&quot;:160,&quot;335559740&quot;:259}\">\u00a0<\/span><\/li>\n<\/ul>\n<h2 style=\"text-align: left;\" aria-level=\"2\"><strong>M\u0171szaki jellemz\u0151k\u00a0<\/strong><\/h2>\n<ul>\n<li data-leveltext=\"\u00b7\" data-font=\"Symbol\" data-listid=\"2\" data-list-defn-props=\"{&quot;335552541&quot;:1,&quot;335559684&quot;:-2,&quot;335559685&quot;:720,&quot;335559991&quot;:360,&quot;469769226&quot;:&quot;Symbol&quot;,&quot;469769242&quot;:[8226],&quot;469777803&quot;:&quot;left&quot;,&quot;469777804&quot;:&quot;\u00b7&quot;,&quot;469777815&quot;:&quot;hybridMultilevel&quot;}\" aria-setsize=\"-1\" data-aria-posinset=\"2\" data-aria-level=\"1\"><span data-contrast=\"auto\">Tests\u0171r\u0171s\u00e9g: 300 kg\/m3\u00b1 10%<\/span><span data-ccp-props=\"{&quot;201341983&quot;:0,&quot;335559739&quot;:160,&quot;335559740&quot;:259}\">\u00a0<\/span><\/li>\n<li data-leveltext=\"\u00b7\" data-font=\"Symbol\" data-listid=\"2\" data-list-defn-props=\"{&quot;335552541&quot;:1,&quot;335559684&quot;:-2,&quot;335559685&quot;:720,&quot;335559991&quot;:360,&quot;469769226&quot;:&quot;Symbol&quot;,&quot;469769242&quot;:[8226],&quot;469777803&quot;:&quot;left&quot;,&quot;469777804&quot;:&quot;\u00b7&quot;,&quot;469777815&quot;:&quot;hybridMultilevel&quot;}\" aria-setsize=\"-1\" data-aria-posinset=\"3\" data-aria-level=\"1\"><span data-contrast=\"auto\">H\u0151vezet\u00e9si t\u00e9nyez\u0151 (\u03bb): 0,069 W\/mK<\/span><span data-ccp-props=\"{&quot;201341983&quot;:0,&quot;335559739&quot;:160,&quot;335559740&quot;:259}\">\u00a0<\/span><\/li>\n<li data-leveltext=\"\u00b7\" data-font=\"Symbol\" data-listid=\"2\" data-list-defn-props=\"{&quot;335552541&quot;:1,&quot;335559684&quot;:-2,&quot;335559685&quot;:720,&quot;335559991&quot;:360,&quot;469769226&quot;:&quot;Symbol&quot;,&quot;469769242&quot;:[8226],&quot;469777803&quot;:&quot;left&quot;,&quot;469777804&quot;:&quot;\u00b7&quot;,&quot;469777815&quot;:&quot;hybridMultilevel&quot;}\" aria-setsize=\"-1\" data-aria-posinset=\"4\" data-aria-level=\"1\"><span data-contrast=\"auto\">Nyom\u00f3fesz\u00fclts\u00e9g: 459 kPa<\/span><span data-ccp-props=\"{&quot;201341983&quot;:0,&quot;335559739&quot;:160,&quot;335559740&quot;:259}\">\u00a0<\/span><\/li>\n<li data-leveltext=\"\u00b7\" data-font=\"Symbol\" data-listid=\"2\" data-list-defn-props=\"{&quot;335552541&quot;:1,&quot;335559684&quot;:-2,&quot;335559685&quot;:720,&quot;335559991&quot;:360,&quot;469769226&quot;:&quot;Symbol&quot;,&quot;469769242&quot;:[8226],&quot;469777803&quot;:&quot;left&quot;,&quot;469777804&quot;:&quot;\u00b7&quot;,&quot;469777815&quot;:&quot;hybridMultilevel&quot;}\" aria-setsize=\"-1\" data-aria-posinset=\"4\" data-aria-level=\"1\"><span data-contrast=\"auto\">Hajl\u00edt\u00f3szil\u00e1rds\u00e1g: 296 kPa<\/span><span data-ccp-props=\"{&quot;201341983&quot;:0,&quot;335559739&quot;:160,&quot;335559740&quot;:259}\">\u00a0<\/span><\/li>\n<li data-leveltext=\"\u00b7\" data-font=\"Symbol\" data-listid=\"2\" data-list-defn-props=\"{&quot;335552541&quot;:1,&quot;335559684&quot;:-2,&quot;335559685&quot;:720,&quot;335559991&quot;:360,&quot;469769226&quot;:&quot;Symbol&quot;,&quot;469769242&quot;:[8226],&quot;469777803&quot;:&quot;left&quot;,&quot;469777804&quot;:&quot;\u00b7&quot;,&quot;469777815&quot;:&quot;hybridMultilevel&quot;}\" aria-setsize=\"-1\" data-aria-posinset=\"4\" data-aria-level=\"1\"><span data-contrast=\"auto\">H\u00faz\u00f3szil\u00e1rds\u00e1g: 137,0 kPa<\/span><span data-ccp-props=\"{&quot;201341983&quot;:0,&quot;335559739&quot;:160,&quot;335559740&quot;:259}\">\u00a0<\/span><\/li>\n<li data-leveltext=\"\u00b7\" data-font=\"Symbol\" data-listid=\"2\" data-list-defn-props=\"{&quot;335552541&quot;:1,&quot;335559684&quot;:-2,&quot;335559685&quot;:720,&quot;335559991&quot;:360,&quot;469769226&quot;:&quot;Symbol&quot;,&quot;469769242&quot;:[8226],&quot;469777803&quot;:&quot;left&quot;,&quot;469777804&quot;:&quot;\u00b7&quot;,&quot;469777815&quot;:&quot;hybridMultilevel&quot;}\" aria-setsize=\"-1\" data-aria-posinset=\"4\" data-aria-level=\"1\"><span data-contrast=\"auto\">T\u0171zv\u00e9delmi oszt\u00e1ly: A2 \u2013s1, d0 (NM\u00c9 A-133\/2014)<\/span><span data-ccp-props=\"{&quot;201341983&quot;:0,&quot;335559739&quot;:160,&quot;335559740&quot;:259}\">\u00a0<\/span><\/li>\n<\/ul>\n<h2 style=\"text-align: left;\" aria-level=\"1\"><strong>Let\u00f6lthet\u0151 tartalom\u00a0<\/strong><\/h2>\n<p><a href=\"https:\/\/sixbau.hu\/assets\/docs\/Prospektusok\/Sixbau_Szorolap_A4_PANEL.pdf\"><span data-contrast=\"none\">SIXBAU gPanel szigetel\u0151 \u00e9s \u00e9p\u00edt\u0151lemez katal\u00f3gus<\/span><\/a><span data-ccp-props=\"{&quot;201341983&quot;:0,&quot;335559739&quot;:160,&quot;335559740&quot;:257}\">\u00a0<\/span><\/p>\n<p><a href=\"https:\/\/sixbau.hu\/assets\/docs\/%C3%81rlista\/Sixbau_Arjegyzek_%202022.pdf\"><span data-contrast=\"none\">Sixbau \u00e9p\u00edt\u0151anyagok \u00e1rlista<\/span><\/a><span data-ccp-props=\"{&quot;201341983&quot;:0,&quot;335559739&quot;:160,&quot;335559740&quot;:257}\">\u00a0<\/span><\/p>\n<p><span data-contrast=\"auto\">Tov\u00e1bbi inform\u00e1ci\u00f3\u00e9rt l\u00e1togasson el a <\/span><a href=\"https:\/\/sixbau.hu\/termekek\/sixbau-gpanel-epitolemezek\"><span data-contrast=\"none\">SIXBAU gPanel szigetel\u0151 \u00e9s \u00e9p\u00edt\u0151lemez<\/span><\/a><span data-contrast=\"auto\"> oldalra, h\u00edvjon minket a +36 62 573 330 telefonsz\u00e1mon vagy k\u00fcldj\u00f6n e-mail az <\/span><a href=\"https:\/\/sixbau.hu\/kapcsolat\"><span data-contrast=\"none\">kapcsolati oldalunkon<\/span><\/a><span data-contrast=\"auto\">.\u00a0<\/span><span data-ccp-props=\"{&quot;201341983&quot;:0,&quot;335559739&quot;:160,&quot;335559740&quot;:257}\">\u00a0<\/span><\/p>\n<p>&nbsp;<\/p>\n<p><iframe loading=\"lazy\" style=\"margin-bottom: 3rem;\" title=\"YouTube video player\" src=\"https:\/\/www.youtube.com\/embed\/qMz5bpwMMRI\" width=\"100%\" height=\"650\" frameborder=\"0\" allowfullscreen=\"allowfullscreen\"><span data-mce-type=\"bookmark\" style=\"display: inline-block; width: 0px; overflow: hidden; line-height: 0;\" class=\"mce_SELRES_start\">\ufeff<\/span><\/iframe><br \/>\n<iframe loading=\"lazy\" style=\"margin-bottom: 3rem;\" title=\"YouTube video player\" src=\"https:\/\/www.youtube.com\/embed\/XIbK_9EUO4M\" width=\"100%\" height=\"650\" frameborder=\"0\" allowfullscreen=\"allowfullscreen\"><\/iframe><iframe loading=\"lazy\" style=\"margin-bottom: 3rem;\" title=\"YouTube video player\" src=\"https:\/\/www.youtube.com\/embed\/PYJZAcW-_-4\" width=\"100%\" height=\"650\" frameborder=\"0\" allowfullscreen=\"allowfullscreen\"><\/iframe><\/p>\n","protected":false},"excerpt":{"rendered":"<p>&nbsp;<\/p>\n<table id=\"variation-parameters-table\">\n<tbody>\n<tr>\n<td>Geometriai m\u00e9retek (vastags\u00e1g x sz\u00e9less\u00e9g x hossz\u00fas\u00e1g mm):<\/td>\n<td>80 x 580 x 750 mm<\/td>\n<\/tr>\n<tr>\n<td>Elem nyom\u00f3szil\u00e1rds\u00e1g:<\/td>\n<td>nem relev\u00e1ns<\/td>\n<\/tr>\n<tr>\n<td>H\u0151vezet\u00e9si t\u00e9nyez\u0151:<\/td>\n<td>0,069 W\/mK<\/td>\n<\/tr>\n<tr>\n<td>H\u0151\u00e1tbocs\u00e1t\u00e1s t\u00e9nyez\u0151:<\/td>\n<td>nem relev\u00e1ns<\/td>\n<\/tr>\n<tr>\n<td>Kapill\u00e1ris v\u00edzfelv\u00e9tel:<\/td>\n<td>nem relev\u00e1ns<\/td>\n<\/tr>\n<tr>\n<td>T\u0171z\u00e1ll\u00f3s\u00e1gi oszt\u00e1ly:<\/td>\n<td>A2 \u2013 s1, d0<\/td>\n<\/tr>\n<tr>\n<td>T\u0171z\u00e1ll\u00f3s\u00e1gi hat\u00e1r\u00e9rt\u00e9k:<\/td>\n<td>nem relev\u00e1ns<\/td>\n<\/tr>\n<tr>\n<td>P\u00e1radiff\u00fazi\u00f3s egy\u00fctth.:<\/td>\n<td>7-9\/8-10 \u00b5<\/td>\n<\/tr>\n<tr>\n<td>L\u00e9ghangg\u00e1tl\u00e1si sz\u00e1ma:<\/td>\n<td>nem relev\u00e1ns<\/td>\n<\/tr>\n<tr>\n<td>Ny\u00edr\u00f3szil\u00e1rds\u00e1g:<\/td>\n<td>27,9 &#8211; 41,4 kPa<\/td>\n<\/tr>\n<tr>\n<td>Elemt\u00f6meg:<\/td>\n<td>9,4-11,48 kg<\/td>\n<\/tr>\n<tr>\n<td>Darab \/ raklap:<\/td>\n<td>36 db\/raklap<\/td>\n<\/tr>\n<tr>\n<td>HUF \/ raklap (a raklap \u00e1ra 3810 Ft brutt\u00f3):<\/td>\n<td><\/td>\n<\/tr>\n<\/tbody>\n<\/table>\n","protected":false},"featured_media":313,"template":"","meta":[],"product_cat":[29],"product_tag":[],"class_list":{"0":"post-626","1":"product","2":"type-product","3":"status-publish","4":"has-post-thumbnail","6":"product_cat-szigetelo-es-epitolemezek","8":"first","9":"instock","10":"shipping-taxable","11":"purchasable","12":"product-type-simple"},"jetpack_sharing_enabled":true,"_links":{"self":[{"href":"https:\/\/sixbau.hu\/shop\/wp-json\/wp\/v2\/product\/626","targetHints":{"allow":["GET"]}}],"collection":[{"href":"https:\/\/sixbau.hu\/shop\/wp-json\/wp\/v2\/product"}],"about":[{"href":"https:\/\/sixbau.hu\/shop\/wp-json\/wp\/v2\/types\/product"}],"wp:featuredmedia":[{"embeddable":true,"href":"https:\/\/sixbau.hu\/shop\/wp-json\/wp\/v2\/media\/313"}],"wp:attachment":[{"href":"https:\/\/sixbau.hu\/shop\/wp-json\/wp\/v2\/media?parent=626"}],"wp:term":[{"taxonomy":"product_cat","embeddable":true,"href":"https:\/\/sixbau.hu\/shop\/wp-json\/wp\/v2\/product_cat?post=626"},{"taxonomy":"product_tag","embeddable":true,"href":"https:\/\/sixbau.hu\/shop\/wp-json\/wp\/v2\/product_tag?post=626"}],"curies":[{"name":"wp","href":"https:\/\/api.w.org\/{rel}","templated":true}]}}